{"id":12,"date":"2025-05-22T14:28:34","date_gmt":"2025-05-22T14:28:34","guid":{"rendered":"https:\/\/dmstech.pl\/?p=1"},"modified":"2025-05-22T14:28:34","modified_gmt":"2025-05-22T14:28:34","slug":"strona-glowna","status":"publish","type":"page","link":"https:\/\/dmstech.pl\/","title":{"rendered":"Strona g\u0142\u00f3wna"},"content":{"rendered":"<h2>O firmie<\/h2>\n<p><strong>DMStech Sp. z o.o.<\/strong> to firma specjalizuj\u0105ca si\u0119 w realizacji kompleksowych projekt\u00f3w telekomunikacyjnych. Realizujemy projekty FTTx, POPC, KPO, FERC i wiele innych.<\/p>\n<h2>Nasze us\u0142ugi<\/h2>\n<ul>\n<li>Budowa sieci szerokopasmowych<\/li>\n<li>Realizacja projekt\u00f3w FTTx (FTTH, FTTB, FTTC)<\/li>\n<li>Instalacja sieci optotelekomunikacyjnych<\/li>\n<li>Uk\u0142adanie kabli miedzianych<\/li>\n<li>Wykonanie okablowania strukturalnego<\/li>\n<li>Monta\u017c system\u00f3w zabezpiecze\u0144 technicznych<\/li>\n<li>Realizacja projekt\u00f3w POPC, KPO, FERC<\/li>\n<li>Pomiary sieci optycznych i miedzianych<\/li>\n<\/ul>\n<h2>Galeria realizacji<\/h2>\n<p>(Dodaj tutaj galeri\u0119 obraz\u00f3w po wgraniu zdj\u0119\u0107 do biblioteki medi\u00f3w)<\/p>\n<h2>Kontakt<\/h2>\n<form action=\"https:\/\/formsubmit.co\/zapytanie@dmstech.pl\" method=\"POST\">\n<input type=\"text\" name=\"name\" placeholder=\"Imi\u0119 i nazwisko\" required><br \/>\n<input type=\"email\" name=\"email\" placeholder=\"Adres email\" required><br \/>\n<textarea name=\"message\" placeholder=\"Wiadomo\u015b\u0107\" required><\/textarea><br \/>\n<button type=\"submit\">Wy\u015blij<\/button><br \/>\n<\/form>\n<h2>Dane firmy<\/h2>\n<p>DMStech Sp. z o.o.<br \/>\nul. Bursaki 15\/24, 20-150 Lublin<br \/>\nNIP: 7123454825 | REGON: 525278520 | KRS: 0001035547<\/p>\n","protected":false},"excerpt":{"rendered":"<p>O firmie DMStech Sp. z o.o. to firma specjalizuj\u0105ca si\u0119 w realizacji kompleksowych projekt\u00f3w telekomunikacyjnych. Realizujemy projekty FTTx, POPC, KPO, FERC i wiele innych. Nasze us\u0142ugi Budowa sieci szerokopasmowych Realizacja projekt\u00f3w FTTx (FTTH, FTTB, FTTC) Instalacja sieci optotelekomunikacyjnych Uk\u0142adanie kabli miedzianych Wykonanie okablowania strukturalnego Monta\u017c system\u00f3w zabezpiecze\u0144 technicznych Realizacja projekt\u00f3w POPC, KPO, FERC Pomiary sieci optycznych i miedzianych Galeria realizacji (Dodaj tutaj galeri\u0119 obraz\u00f3w po wgraniu zdj\u0119\u0107 do biblioteki medi\u00f3w) Kontakt Wy\u015blij Dane firmy DMStech Sp. z o.o. ul. Bursaki 15\/24, 20-150 Lublin NIP: 7123454825 | REGON: 525278520 | KRS: 0001035547<\/p>\n","protected":false},"author":2,"featured_media":0,"parent":0,"menu_order":0,"comment_status":"closed","ping_status":"closed","template":"","meta":{"site-sidebar-layout":"default","site-content-layout":"","ast-site-content-layout":"","site-content-style":"default","site-sidebar-style":"default","ast-global-header-display":"","ast-banner-title-visibility":"","ast-main-header-display":"","ast-hfb-above-header-display":"","ast-hfb-below-header-display":"","ast-hfb-mobile-header-display":"","site-post-title":"","ast-breadcrumbs-content":"","ast-featured-img":"","footer-sml-layout":"","theme-transparent-header-meta":"","adv-header-id-meta":"","stick-header-meta":"","header-above-stick-meta":"","header-main-stick-meta":"","header-below-stick-meta":"","astra-migrate-meta-layouts":"default","ast-page-background-enabled":"default","ast-page-background-meta":{"desktop":{"background-color":"var(--ast-global-color-5)","background-image":"","background-repeat":"repeat","background-position":"center center","background-size":"auto","background-attachment":"scroll","background-type":"","background-media":"","overlay-type":"","overlay-color":"","overlay-opacity":"","overlay-gradient":""},"tablet":{"background-color":"","background-image":"","background-repeat":"repeat","background-position":"center center","background-size":"auto","background-attachment":"scroll","background-type":"","background-media":"","overlay-type":"","overlay-color":"","overlay-opacity":"","overlay-gradient":""},"mobile":{"background-color":"","background-image":"","background-repeat":"repeat","background-position":"center center","background-size":"auto","background-attachment":"scroll","background-type":"","background-media":"","overlay-type":"","overlay-color":"","overlay-opacity":"","overlay-gradient":""}},"ast-content-background-meta":{"desktop":{"background-color":"var(--ast-global-color-4)","background-image":"","background-repeat":"repeat","background-position":"center center","background-size":"auto","background-attachment":"scroll","background-type":"","background-media":"","overlay-type":"","overlay-color":"","overlay-opacity":"","overlay-gradient":""},"tablet":{"background-color":"var(--ast-global-color-4)","background-image":"","background-repeat":"repeat","background-position":"center center","background-size":"auto","background-attachment":"scroll","background-type":"","background-media":"","overlay-type":"","overlay-color":"","overlay-opacity":"","overlay-gradient":""},"mobile":{"background-color":"var(--ast-global-color-4)","background-image":"","background-repeat":"repeat","background-position":"center center","background-size":"auto","background-attachment":"scroll","background-type":"","background-media":"","overlay-type":"","overlay-color":"","overlay-opacity":"","overlay-gradient":""}},"footnotes":""},"class_list":["post-12","page","type-page","status-publish","hentry"],"_links":{"self":[{"href":"https:\/\/dmstech.pl\/index.php\/wp-json\/wp\/v2\/pages\/12","targetHints":{"allow":["GET"]}}],"collection":[{"href":"https:\/\/dmstech.pl\/index.php\/wp-json\/wp\/v2\/pages"}],"about":[{"href":"https:\/\/dmstech.pl\/index.php\/wp-json\/wp\/v2\/types\/page"}],"author":[{"embeddable":true,"href":"https:\/\/dmstech.pl\/index.php\/wp-json\/wp\/v2\/users\/2"}],"replies":[{"embeddable":true,"href":"https:\/\/dmstech.pl\/index.php\/wp-json\/wp\/v2\/comments?post=12"}],"version-history":[{"count":0,"href":"https:\/\/dmstech.pl\/index.php\/wp-json\/wp\/v2\/pages\/12\/revisions"}],"wp:attachment":[{"href":"https:\/\/dmstech.pl\/index.php\/wp-json\/wp\/v2\/media?parent=12"}],"curies":[{"name":"wp","href":"https:\/\/api.w.org\/{rel}","templated":true}]}}